
{"id":695,"date":"2026-03-03T15:20:48","date_gmt":"2026-03-03T15:20:48","guid":{"rendered":"https:\/\/dev.cygnus.pe\/?page_id=695"},"modified":"2026-03-03T21:44:38","modified_gmt":"2026-03-03T21:44:38","slug":"programa-referidos","status":"publish","type":"page","link":"https:\/\/cygnus.pe\/?page_id=695","title":{"rendered":"Programa Referidos"},"content":{"rendered":"<div id=\"cs-content\" class=\"cs-content\"><div class=\"x-section e695-e1 mjb-0 mjb-1 mjb-2\"><div class=\"x-row e695-e2 mjb-6 mjb-7 mjb-8 mjb-9 mjb-a mjb-b mjb-i mjb-j\"><div class=\"x-row-inner\"><div class=\"x-col e695-e3 mjb-u mjb-v mjb-w mjb-x\"><div class=\"x-bg\"><div class=\"x-bg-layer-lower-img\"><img decoding=\"async\" src=\"https:\/\/cygnus.pe\/wp-content\/uploads\/2026\/03\/referidos.jpg\" alt=\"Image\" loading=\"lazy\"\/><\/div><\/div><div class=\"x-row x-hide-sm x-hide-xs e695-e4 mjb-6 mjb-8 mjb-9 mjb-c mjb-d mjb-e mjb-i mjb-k\"><div class=\"x-row-inner\"><div class=\"x-col e695-e5 mjb-u mjb-v mjb-w mjb-y mjb-z mjb-10\"><div class=\"x-text x-text-headline e695-e6 mjb-18 mjb-19 mjb-1a mjb-1b mjb-1c mjb-1d\"><div class=\"x-text-content\"><div class=\"x-text-content-text\"><h1 class=\"x-text-content-text-primary\">&iexcl;Refiere, comparte y gana!<\/h1>\n<\/div><\/div><\/div><div class=\"x-text x-text-headline e695-e7 mjb-18 mjb-19 mjb-1a mjb-1e mjb-1f mjb-1g\"><div class=\"x-text-content\"><div class=\"x-text-content-text\"><h1 class=\"x-text-content-text-primary\">&iexcl;Recomienda y obt&eacute;n beneficios exclusivos!<\/h1>\n<\/div><\/div><\/div><\/div><\/div><\/div><div class=\"x-row x-hide-lg x-hide-md x-hide-sm x-hide-xl e695-e8 mjb-6 mjb-8 mjb-d mjb-e mjb-f mjb-i mjb-l\"><div class=\"x-row-inner\"><div class=\"x-col e695-e9 mjb-u mjb-v mjb-y mjb-10 mjb-11 mjb-12\"><div class=\"x-text x-text-headline e695-e10 mjb-18 mjb-19 mjb-1a mjb-1c mjb-1d mjb-1h\"><div class=\"x-text-content\"><div class=\"x-text-content-text\"><h1 class=\"x-text-content-text-primary\">&iexcl;Refiere, comparte y gana!<\/h1>\n<\/div><\/div><\/div><div class=\"x-text x-text-headline e695-e11 mjb-18 mjb-19 mjb-1f mjb-1g mjb-1i mjb-1j\"><div class=\"x-text-content\"><div class=\"x-text-content-text\"><h1 class=\"x-text-content-text-primary\">&iexcl;Recomienda y obt&eacute;n beneficios exclusivos!<\/h1>\n<\/div><\/div><\/div><\/div><\/div><\/div><\/div><\/div><\/div><\/div><div class=\"x-section e695-e12 mjb-1 mjb-2 mjb-3 mjb-4\"><div class=\"x-row e695-e13 mjb-6 mjb-7 mjb-8 mjb-9 mjb-e mjb-i mjb-m\"><div class=\"x-row-inner\"><div class=\"x-col x-hide-sm x-hide-xs e695-e14 mjb-u mjb-v mjb-13 mjb-14 mjb-15\"><div class=\"x-row e695-e15 mjb-6 mjb-7 mjb-8 mjb-9 mjb-a mjb-g mjb-i mjb-n\"><div class=\"x-row-inner\"><div class=\"x-col e695-e16 mjb-u mjb-v mjb-w\"><div class=\"x-text x-text-headline e695-e17 mjb-19 mjb-1c mjb-1g mjb-1k mjb-1l\"><div class=\"x-text-content\"><div class=\"x-text-content-text\"><h1 class=\"x-text-content-text-primary\">D\u00e9janos los datos de tu referido y pronto unos de nuestros asesores se contactar\u00e1 con \u00e9l.<\/h1>\n<\/div><\/div><\/div><div class=\"pc-inquiry-wrap\">\r\n\r\n        \r\n        <form class=\"pc-inquiry-form\" method=\"post\" action=\"\" novalidate>\r\n            <input type=\"hidden\" id=\"pc_project_referral_nonce\" name=\"pc_project_referral_nonce\" value=\"6dcc5c6ae2\" \/><input type=\"hidden\" name=\"_wp_http_referer\" value=\"\/index.php?rest_route=%2Fwp%2Fv2%2Fpages%2F695\" \/>            <input type=\"hidden\" name=\"pc_project_referral_form_submitted\" value=\"1\">\r\n            <div class=\"pc-inquiry-grid\">\r\n                <div style=\"grid-column: 1 \/ -1; margin-bottom: 2px;\">\r\n                    <h3 style=\"margin:0; color:#f5821f; font-weight:700; line-height:1.2;\">Datos del referente<\/h3>\r\n                <\/div>\r\n                <div class=\"pc-inquiry-field\">\r\n                    <label for=\"pc_ref_referente_nombres\">Nombres*<\/label>\r\n                    <input id=\"pc_ref_referente_nombres\" name=\"referente_nombres\" type=\"text\" placeholder=\"Nombres*\"\r\n                        required>\r\n                <\/div>\r\n                <div class=\"pc-inquiry-field\">\r\n                    <label for=\"pc_ref_referente_apellidos\">Apellidos*<\/label>\r\n                    <input id=\"pc_ref_referente_apellidos\" name=\"referente_apellidos\" type=\"text\" placeholder=\"Apellidos*\"\r\n                        required>\r\n                <\/div>\r\n\r\n                <div class=\"pc-inquiry-field\">\r\n                    <label for=\"pc_ref_referente_dni\">DNI \/ CE*<\/label>\r\n                    <input id=\"pc_ref_referente_dni\" name=\"referente_dni\" type=\"text\" placeholder=\"DNI \/ CE*\" required>\r\n                <\/div>\r\n                <div class=\"pc-inquiry-field\">\r\n                    <label for=\"pc_ref_referente_celular\">Celular*<\/label>\r\n                    <input id=\"pc_ref_referente_celular\" name=\"referente_celular\" type=\"text\" placeholder=\"Celular*\"\r\n                        required>\r\n                <\/div>\r\n\r\n                <div class=\"pc-inquiry-field\" style=\"grid-column: 1 \/ -1;\">\r\n                    <label for=\"pc_ref_referente_correo\">Correo electr\u00f3nico*<\/label>\r\n                    <input id=\"pc_ref_referente_correo\" name=\"referente_correo\" type=\"email\"\r\n                        placeholder=\"Correo electr\u00f3nico*\" required>\r\n                <\/div>\r\n\r\n                <div style=\"grid-column: 1 \/ -1; margin-top: 8px; margin-bottom: 2px;\">\r\n                    <h3 style=\"margin:0; color:#f5821f; font-weight:700; line-height:1.2;\">Datos del referido<\/h3>\r\n                <\/div>\r\n                <div class=\"pc-inquiry-field\">\r\n                    <label for=\"pc_ref_referido_nombres\">Nombres*<\/label>\r\n                    <input id=\"pc_ref_referido_nombres\" name=\"referido_nombres\" type=\"text\" placeholder=\"Nombres*\" required>\r\n                <\/div>\r\n                <div class=\"pc-inquiry-field\">\r\n                    <label for=\"pc_ref_referido_apellidos\">Apellidos*<\/label>\r\n                    <input id=\"pc_ref_referido_apellidos\" name=\"referido_apellidos\" type=\"text\" placeholder=\"Apellidos*\"\r\n                        required>\r\n                <\/div>\r\n\r\n                <div class=\"pc-inquiry-field\">\r\n                    <label for=\"pc_ref_referido_dni\">DNI \/ CE*<\/label>\r\n                    <input id=\"pc_ref_referido_dni\" name=\"referido_dni\" type=\"text\" placeholder=\"DNI \/ CE*\" required>\r\n                <\/div>\r\n                <div class=\"pc-inquiry-field\">\r\n                    <label for=\"pc_ref_referido_celular\">Celular*<\/label>\r\n                    <input id=\"pc_ref_referido_celular\" name=\"referido_celular\" type=\"text\" placeholder=\"Celular*\" required>\r\n                <\/div>\r\n\r\n                <div class=\"pc-inquiry-field\" style=\"grid-column: 1 \/ -1;\">\r\n                    <label for=\"pc_ref_referido_correo\">Correo electr\u00f3nico*<\/label>\r\n                    <input id=\"pc_ref_referido_correo\" name=\"referido_correo\" type=\"email\" placeholder=\"Correo electr\u00f3nico*\"\r\n                        required>\r\n                <\/div>\r\n                <div style=\"grid-column: 1 \/ -1; margin-top: 8px; margin-bottom: 2px;\">\r\n                    <h3 style=\"margin:0; color:#f5821f; font-weight:700; line-height:1.2;\">Proyecto de inter\u00e9s del referido\r\n                        *<\/h3>\r\n                <\/div>\r\n                <div class=\"pc-inquiry-field pc-inquiry-select-wrap2\" style=\"grid-column: 1 \/ -1;\">\r\n                    <select id=\"pc_ref_proyecto\" name=\"proyecto\" required>\r\n                        <option value=\"\">Elije el proyecto<\/option>\r\n                                                    <option value=\"456\">Alicanto                            <\/option>\r\n                                                    <option value=\"195\">Capadocia                            <\/option>\r\n                                                    <option value=\"641\">Castellana Select                            <\/option>\r\n                                                    <option value=\"642\">Castilla Excellence                            <\/option>\r\n                                                    <option value=\"615\">Cuba Connect                            <\/option>\r\n                                                    <option value=\"460\">F\u00e9nix                            <\/option>\r\n                                                    <option value=\"623\">Jardines de Urteaga                            <\/option>\r\n                                                    <option value=\"366\">Matera                            <\/option>\r\n                                                    <option value=\"428\">Modena                            <\/option>\r\n                                                    <option value=\"51\">N\u00e1poles                            <\/option>\r\n                                                    <option value=\"643\">Residencial Garzon                            <\/option>\r\n                                                    <option value=\"626\">Saenz                            <\/option>\r\n                                                    <option value=\"609\">Santa Cruz Infinite                            <\/option>\r\n                                                    <option value=\"458\">Sialia                            <\/option>\r\n                                                    <option value=\"459\">Tiz\u00f3n y Bueno                            <\/option>\r\n                                                    <option value=\"606\">Torre Mariategui                            <\/option>\r\n                                                    <option value=\"457\">Urbanzen                            <\/option>\r\n                                                    <option value=\"620\">Valdizan                            <\/option>\r\n                                            <\/select>\r\n                <\/div>\r\n            <\/div>\r\n            <p class=\"pc-inquiry-required\">(*) Campos obligatorios<\/p>\r\n            <div class=\"pc-inquiry-checks\">\r\n                <label class=\"pc-inquiry-check\">\r\n                    <input type=\"checkbox\" name=\"terminos\" value=\"1\" required>\r\n                    <span>He le\u00eddo y acepto los <a href=\"#\">T\u00e9rminos y condiciones<\/a> de Cygnus Grupo Inmobiliario<\/span>\r\n                <\/label>\r\n                <label class=\"pc-inquiry-check\">\r\n                    <input type=\"checkbox\" name=\"privacidad\" value=\"1\" required>\r\n                    <span>Autorizo a <strong>Cygnus Grupo Inmobiliario<\/strong> para que realice las actividades de\r\n                        prospecci\u00f3n\r\n                        comercial y marketing descritas en la <a href=\"#\">Pol\u00edtica de Privacidad<\/a><\/span>\r\n                <\/label>\r\n            <\/div>\r\n            <div class=\"pc-inquiry-submit-wrap\">\r\n                <button type=\"submit\" class=\"pc-inquiry-submit\">\r\n                    <span class=\"pc-inquiry-submit__label\">Enviar<\/span>\r\n                    <span class=\"pc-inquiry-submit__spinner\" aria-hidden=\"true\"><\/span>\r\n                <\/button>\r\n            <\/div>\r\n        <\/form>\r\n    <\/div><\/div><\/div><\/div><\/div><div class=\"x-col x-hide-lg x-hide-md x-hide-xl e695-e19 mjb-u mjb-v mjb-13 mjb-14\"><div class=\"x-row e695-e20 mjb-6 mjb-7 mjb-8 mjb-9 mjb-a mjb-g mjb-i mjb-o\"><div class=\"x-row-inner\"><div class=\"x-col e695-e21 mjb-u mjb-v mjb-w\"><div class=\"x-text x-text-headline e695-e22 mjb-19 mjb-1c mjb-1g mjb-1j mjb-1k mjb-1m\"><div class=\"x-text-content\"><div class=\"x-text-content-text\"><h1 class=\"x-text-content-text-primary\">D\u00e9janos los datos de tu referido y pronto unos de nuestros asesores se contactar\u00e1 con \u00e9l.<\/h1>\n<\/div><\/div><\/div><\/div><\/div><\/div><div class=\"pc-inquiry-wrap\">\r\n\r\n        \r\n        <form class=\"pc-inquiry-form\" method=\"post\" action=\"\" novalidate>\r\n            <input type=\"hidden\" id=\"pc_project_referral_nonce\" name=\"pc_project_referral_nonce\" value=\"6dcc5c6ae2\" \/><input type=\"hidden\" name=\"_wp_http_referer\" value=\"\/index.php?rest_route=%2Fwp%2Fv2%2Fpages%2F695\" \/>            <input type=\"hidden\" name=\"pc_project_referral_form_submitted\" value=\"1\">\r\n            <div class=\"pc-inquiry-grid\">\r\n                <div style=\"grid-column: 1 \/ -1; margin-bottom: 2px;\">\r\n                    <h3 style=\"margin:0; color:#f5821f; font-weight:700; line-height:1.2;\">Datos del referente<\/h3>\r\n                <\/div>\r\n                <div class=\"pc-inquiry-field\">\r\n                    <label for=\"pc_ref_referente_nombres\">Nombres*<\/label>\r\n                    <input id=\"pc_ref_referente_nombres\" name=\"referente_nombres\" type=\"text\" placeholder=\"Nombres*\"\r\n                        required>\r\n                <\/div>\r\n                <div class=\"pc-inquiry-field\">\r\n                    <label for=\"pc_ref_referente_apellidos\">Apellidos*<\/label>\r\n                    <input id=\"pc_ref_referente_apellidos\" name=\"referente_apellidos\" type=\"text\" placeholder=\"Apellidos*\"\r\n                        required>\r\n                <\/div>\r\n\r\n                <div class=\"pc-inquiry-field\">\r\n                    <label for=\"pc_ref_referente_dni\">DNI \/ CE*<\/label>\r\n                    <input id=\"pc_ref_referente_dni\" name=\"referente_dni\" type=\"text\" placeholder=\"DNI \/ CE*\" required>\r\n                <\/div>\r\n                <div class=\"pc-inquiry-field\">\r\n                    <label for=\"pc_ref_referente_celular\">Celular*<\/label>\r\n                    <input id=\"pc_ref_referente_celular\" name=\"referente_celular\" type=\"text\" placeholder=\"Celular*\"\r\n                        required>\r\n                <\/div>\r\n\r\n                <div class=\"pc-inquiry-field\" style=\"grid-column: 1 \/ -1;\">\r\n                    <label for=\"pc_ref_referente_correo\">Correo electr\u00f3nico*<\/label>\r\n                    <input id=\"pc_ref_referente_correo\" name=\"referente_correo\" type=\"email\"\r\n                        placeholder=\"Correo electr\u00f3nico*\" required>\r\n                <\/div>\r\n\r\n                <div style=\"grid-column: 1 \/ -1; margin-top: 8px; margin-bottom: 2px;\">\r\n                    <h3 style=\"margin:0; color:#f5821f; font-weight:700; line-height:1.2;\">Datos del referido<\/h3>\r\n                <\/div>\r\n                <div class=\"pc-inquiry-field\">\r\n                    <label for=\"pc_ref_referido_nombres\">Nombres*<\/label>\r\n                    <input id=\"pc_ref_referido_nombres\" name=\"referido_nombres\" type=\"text\" placeholder=\"Nombres*\" required>\r\n                <\/div>\r\n                <div class=\"pc-inquiry-field\">\r\n                    <label for=\"pc_ref_referido_apellidos\">Apellidos*<\/label>\r\n                    <input id=\"pc_ref_referido_apellidos\" name=\"referido_apellidos\" type=\"text\" placeholder=\"Apellidos*\"\r\n                        required>\r\n                <\/div>\r\n\r\n                <div class=\"pc-inquiry-field\">\r\n                    <label for=\"pc_ref_referido_dni\">DNI \/ CE*<\/label>\r\n                    <input id=\"pc_ref_referido_dni\" name=\"referido_dni\" type=\"text\" placeholder=\"DNI \/ CE*\" required>\r\n                <\/div>\r\n                <div class=\"pc-inquiry-field\">\r\n                    <label for=\"pc_ref_referido_celular\">Celular*<\/label>\r\n                    <input id=\"pc_ref_referido_celular\" name=\"referido_celular\" type=\"text\" placeholder=\"Celular*\" required>\r\n                <\/div>\r\n\r\n                <div class=\"pc-inquiry-field\" style=\"grid-column: 1 \/ -1;\">\r\n                    <label for=\"pc_ref_referido_correo\">Correo electr\u00f3nico*<\/label>\r\n                    <input id=\"pc_ref_referido_correo\" name=\"referido_correo\" type=\"email\" placeholder=\"Correo electr\u00f3nico*\"\r\n                        required>\r\n                <\/div>\r\n                <div style=\"grid-column: 1 \/ -1; margin-top: 8px; margin-bottom: 2px;\">\r\n                    <h3 style=\"margin:0; color:#f5821f; font-weight:700; line-height:1.2;\">Proyecto de inter\u00e9s del referido\r\n                        *<\/h3>\r\n                <\/div>\r\n                <div class=\"pc-inquiry-field pc-inquiry-select-wrap2\" style=\"grid-column: 1 \/ -1;\">\r\n                    <select id=\"pc_ref_proyecto\" name=\"proyecto\" required>\r\n                        <option value=\"\">Elije el proyecto<\/option>\r\n                                                    <option value=\"456\">Alicanto                            <\/option>\r\n                                                    <option value=\"195\">Capadocia                            <\/option>\r\n                                                    <option value=\"641\">Castellana Select                            <\/option>\r\n                                                    <option value=\"642\">Castilla Excellence                            <\/option>\r\n                                                    <option value=\"615\">Cuba Connect                            <\/option>\r\n                                                    <option value=\"460\">F\u00e9nix                            <\/option>\r\n                                                    <option value=\"623\">Jardines de Urteaga                            <\/option>\r\n                                                    <option value=\"366\">Matera                            <\/option>\r\n                                                    <option value=\"428\">Modena                            <\/option>\r\n                                                    <option value=\"51\">N\u00e1poles                            <\/option>\r\n                                                    <option value=\"643\">Residencial Garzon                            <\/option>\r\n                                                    <option value=\"626\">Saenz                            <\/option>\r\n                                                    <option value=\"609\">Santa Cruz Infinite                            <\/option>\r\n                                                    <option value=\"458\">Sialia                            <\/option>\r\n                                                    <option value=\"459\">Tiz\u00f3n y Bueno                            <\/option>\r\n                                                    <option value=\"606\">Torre Mariategui                            <\/option>\r\n                                                    <option value=\"457\">Urbanzen                            <\/option>\r\n                                                    <option value=\"620\">Valdizan                            <\/option>\r\n                                            <\/select>\r\n                <\/div>\r\n            <\/div>\r\n            <p class=\"pc-inquiry-required\">(*) Campos obligatorios<\/p>\r\n            <div class=\"pc-inquiry-checks\">\r\n                <label class=\"pc-inquiry-check\">\r\n                    <input type=\"checkbox\" name=\"terminos\" value=\"1\" required>\r\n                    <span>He le\u00eddo y acepto los <a href=\"#\">T\u00e9rminos y condiciones<\/a> de Cygnus Grupo Inmobiliario<\/span>\r\n                <\/label>\r\n                <label class=\"pc-inquiry-check\">\r\n                    <input type=\"checkbox\" name=\"privacidad\" value=\"1\" required>\r\n                    <span>Autorizo a <strong>Cygnus Grupo Inmobiliario<\/strong> para que realice las actividades de\r\n                        prospecci\u00f3n\r\n                        comercial y marketing descritas en la <a href=\"#\">Pol\u00edtica de Privacidad<\/a><\/span>\r\n                <\/label>\r\n            <\/div>\r\n            <div class=\"pc-inquiry-submit-wrap\">\r\n                <button type=\"submit\" class=\"pc-inquiry-submit\">\r\n                    <span class=\"pc-inquiry-submit__label\">Enviar<\/span>\r\n                    <span class=\"pc-inquiry-submit__spinner\" aria-hidden=\"true\"><\/span>\r\n                <\/button>\r\n            <\/div>\r\n        <\/form>\r\n    <\/div><\/div><\/div><\/div><\/div><div class=\"x-section e695-e24 mjb-1 mjb-4 mjb-5\"><div class=\"x-row x-container max width e695-e25 mjb-6 mjb-7 mjb-8 mjb-9 mjb-a mjb-i mjb-p\"><div class=\"x-row-inner\"><div class=\"x-col e695-e26 mjb-u mjb-v mjb-w\"><div class=\"x-text x-content e695-e27 mjb-1n mjb-1o mjb-1p mjb-1q mjb-1r\"><h2 class=\"b2referred_title\"><span style=\"color: #0d2840;\">Para\u00a0<\/span><span style=\"color: #f08018;\"><strong>referir<\/strong><\/span>, solo debes seguir los siguientes pasos:<\/h2><\/div><\/div><\/div><\/div><div class=\"x-row e695-e28 mjb-6 mjb-9 mjb-b mjb-d mjb-e mjb-h mjb-i mjb-q\"><div class=\"x-row-inner\"><div class=\"x-col e695-e29 mjb-u mjb-w mjb-14 mjb-16\"><i class=\"x-icon e695-e30 mjb-1w\" aria-hidden=\"true\" data-x-icon-s=\"&#x31;\"><\/i><div class=\"x-row e695-e31 mjb-6 mjb-7 mjb-8 mjb-9 mjb-a mjb-i mjb-r\"><div class=\"x-row-inner\"><div class=\"x-col e695-e32 mjb-u mjb-v mjb-w mjb-y mjb-11 mjb-17\"><span class=\"x-image e695-e33 mjb-1x\"><img decoding=\"async\" src=\"https:\/\/cygnus.pe\/wp-content\/uploads\/2026\/03\/referidos1.png\" width=\"256\" height=\"256\" alt=\"Image\" loading=\"lazy\"><\/span><div class=\"x-text x-content e695-e34 mjb-1n mjb-1r mjb-1s mjb-1t\"><h3 class=\"b2referred_textup\">Ingresa tus datos y los de tu referido en el formulario<\/h3><\/div><\/div><\/div><\/div><\/div><div class=\"x-col e695-e35 mjb-u mjb-w mjb-14 mjb-16\"><i class=\"x-icon e695-e36 mjb-1w\" aria-hidden=\"true\" data-x-icon-s=\"&#x32;\"><\/i><div class=\"x-row e695-e37 mjb-6 mjb-7 mjb-8 mjb-9 mjb-a mjb-i mjb-s\"><div class=\"x-row-inner\"><div class=\"x-col e695-e38 mjb-u mjb-v mjb-w mjb-y mjb-11 mjb-17\"><span class=\"x-image e695-e39 mjb-1x\"><img decoding=\"async\" src=\"https:\/\/cygnus.pe\/wp-content\/uploads\/2026\/03\/referidos2.png\" width=\"256\" height=\"256\" alt=\"Image\" loading=\"lazy\"><\/span><div class=\"x-text x-content e695-e40 mjb-1n mjb-1o mjb-1q mjb-1r mjb-1t\"><h3 class=\"b2referred_textup\">El referido ser&aacute; contactado y cotizar&aacute; un proyecto<\/h3><\/div><\/div><\/div><\/div><\/div><div class=\"x-col e695-e41 mjb-u mjb-w mjb-14 mjb-16\"><i class=\"x-icon e695-e42 mjb-1w\" aria-hidden=\"true\" data-x-icon-s=\"&#x33;\"><\/i><div class=\"x-row e695-e43 mjb-6 mjb-7 mjb-8 mjb-9 mjb-a mjb-i mjb-t\"><div class=\"x-row-inner\"><div class=\"x-col e695-e44 mjb-u mjb-v mjb-w mjb-y mjb-11 mjb-17\"><span class=\"x-image e695-e45 mjb-1x\"><img decoding=\"async\" src=\"https:\/\/cygnus.pe\/wp-content\/uploads\/2026\/03\/referidos3.png\" width=\"256\" height=\"256\" alt=\"Image\" loading=\"lazy\"><\/span><div class=\"x-text x-content e695-e46 mjb-1n mjb-1o mjb-1q mjb-1r mjb-1t mjb-1u\"><h3 class=\"b2referred_textup\">Si el referido separa y firma la minuta.<\/h3><\/div><div class=\"x-text x-content e695-e47 mjb-1n mjb-1o mjb-1v\"><h3 class=\"b2referred_textup\"><span style=\"color: #f08018;\"><strong>&iexcl;Ganaste!<\/strong><\/span><\/h3><\/div><\/div><\/div><\/div><\/div><\/div><\/div><\/div><\/div>","protected":false},"excerpt":{"rendered":"<p>&iexcl;Refiere, comparte y gana! &iexcl;Recomienda y obt&eacute;n beneficios exclusivos! &iexcl;Refiere, comparte y gana! &iexcl;Recomienda y obt&eacute;n beneficios exclusivos! D\u00e9janos los datos de tu referido y pronto unos de nuestros asesores se contactar\u00e1 con \u00e9l. Datos del referente Nombres* Apellidos* DNI \/ CE* Celular* Correo electr\u00f3nico* Datos del referido Nombres* Apellidos* DNI \/ CE* Celular* Correo electr\u00f3nico* Proyecto de inter\u00e9s del&hellip;<\/p>\n","protected":false},"author":1,"featured_media":0,"parent":0,"menu_order":0,"comment_status":"closed","ping_status":"closed","template":"template-blank-4.php","meta":{"_acf_changed":false,"footnotes":""},"class_list":["post-695","page","type-page","status-publish","hentry","no-post-thumbnail"],"acf":[],"_links":{"self":[{"href":"https:\/\/cygnus.pe\/index.php?rest_route=\/wp\/v2\/pages\/695","targetHints":{"allow":["GET"]}}],"collection":[{"href":"https:\/\/cygnus.pe\/index.php?rest_route=\/wp\/v2\/pages"}],"about":[{"href":"https:\/\/cygnus.pe\/index.php?rest_route=\/wp\/v2\/types\/page"}],"author":[{"embeddable":true,"href":"https:\/\/cygnus.pe\/index.php?rest_route=\/wp\/v2\/users\/1"}],"replies":[{"embeddable":true,"href":"https:\/\/cygnus.pe\/index.php?rest_route=%2Fwp%2Fv2%2Fcomments&post=695"}],"version-history":[{"count":19,"href":"https:\/\/cygnus.pe\/index.php?rest_route=\/wp\/v2\/pages\/695\/revisions"}],"predecessor-version":[{"id":747,"href":"https:\/\/cygnus.pe\/index.php?rest_route=\/wp\/v2\/pages\/695\/revisions\/747"}],"wp:attachment":[{"href":"https:\/\/cygnus.pe\/index.php?rest_route=%2Fwp%2Fv2%2Fmedia&parent=695"}],"curies":[{"name":"wp","href":"https:\/\/api.w.org\/{rel}","templated":true}]}}