
{"id":684,"date":"2026-03-03T14:43:07","date_gmt":"2026-03-03T14:43:07","guid":{"rendered":"https:\/\/dev.cygnus.pe\/?page_id=684"},"modified":"2026-03-03T21:42:46","modified_gmt":"2026-03-03T21:42:46","slug":"cotizar-vivienda","status":"publish","type":"page","link":"https:\/\/cygnus.pe\/?page_id=684","title":{"rendered":"Cotizar aqu\u00ed"},"content":{"rendered":"<div id=\"cs-content\" class=\"cs-content\"><div class=\"x-section e684-e1 mj0-0 mj0-1\"><div class=\"x-row e684-e2 mj0-3 mj0-4 mj0-5 mj0-6 mj0-7 mj0-d mj0-e\"><div class=\"x-row-inner\"><div class=\"x-col e684-e3 mj0-k mj0-l mj0-m\"><div class=\"x-bg\"><div class=\"x-bg-layer-lower-img\"><img decoding=\"async\" src=\"https:\/\/cygnus.pe\/wp-content\/uploads\/2026\/03\/cotiza.jpg\" alt=\"Image\" loading=\"lazy\"\/><\/div><\/div><div class=\"x-row x-hide-sm x-hide-xs e684-e4 mj0-3 mj0-5 mj0-8 mj0-9 mj0-a mj0-d mj0-f\"><div class=\"x-row-inner\"><div class=\"x-col e684-e5 mj0-k mj0-l mj0-n mj0-o\"><div class=\"x-text x-text-headline e684-e6 mj0-s mj0-t\"><div class=\"x-text-content\"><div class=\"x-text-content-text\"><h1 class=\"x-text-content-text-primary\">Cotiza aqu&iacute;<\/h1>\n<\/div><\/div><\/div><\/div><\/div><\/div><div class=\"x-row x-hide-lg x-hide-md x-hide-sm x-hide-xl e684-e7 mj0-3 mj0-9 mj0-a mj0-b mj0-d mj0-g\"><div class=\"x-row-inner\"><div class=\"x-col e684-e8 mj0-k mj0-n mj0-p\"><div class=\"x-text x-text-headline e684-e9 mj0-s mj0-t\"><div class=\"x-text-content\"><div class=\"x-text-content-text\"><h1 class=\"x-text-content-text-primary\">Cotiza aqu&iacute;<\/h1>\n<\/div><\/div><\/div><\/div><\/div><\/div><\/div><\/div><\/div><\/div><div class=\"x-section e684-e10 mj0-1 mj0-2\"><div class=\"x-row e684-e11 mj0-3 mj0-4 mj0-5 mj0-a mj0-d mj0-h\"><div class=\"x-row-inner\"><div class=\"x-col x-hide-sm x-hide-xs e684-e12 mj0-k mj0-q mj0-r\"><div class=\"x-row e684-e13 mj0-3 mj0-4 mj0-5 mj0-6 mj0-c mj0-d mj0-i\"><div class=\"x-row-inner\"><div class=\"x-col e684-e14 mj0-k mj0-l\"><div class=\"x-text x-text-headline e684-e15 mj0-t mj0-u mj0-v\"><div class=\"x-text-content\"><div class=\"x-text-content-text\"><h1 class=\"x-text-content-text-primary\">D\u00e9janos tus datos y pronto un asesor se contactar\u00e1 contigo.<\/h1>\n<\/div><\/div><\/div><\/div><\/div><\/div><div class=\"pc-inquiry-wrap\">\r\n\r\n        \r\n        <form class=\"pc-inquiry-form pc-inquiry-form-distrito\" method=\"post\" action=\"\" novalidate>\r\n            <input type=\"hidden\" id=\"pc_inquiry_distrito_nonce\" name=\"pc_inquiry_distrito_nonce\" value=\"5a64875d82\" \/><input type=\"hidden\" name=\"_wp_http_referer\" value=\"\/index.php?rest_route=%2Fwp%2Fv2%2Fpages%2F684\" \/>            <input type=\"hidden\" name=\"pc_inquiry_distrito_form_submitted\" value=\"1\">\r\n            <div class=\"pc-inquiry-grid\">\r\n                <div class=\"pc-inquiry-field\">\r\n                    <label for=\"pc_inquiry_d_nombres\">Nombres *<\/label>\r\n                    <input id=\"pc_inquiry_d_nombres\" name=\"nombres\" type=\"text\" placeholder=\"Escribe tus nombres aqu\u00ed\"\r\n                        required>\r\n                <\/div>\r\n\r\n                <div class=\"pc-inquiry-field\">\r\n                    <label for=\"pc_inquiry_d_apellidos\">Apellidos *<\/label>\r\n                    <input id=\"pc_inquiry_d_apellidos\" name=\"apellidos\" type=\"text\" placeholder=\"Escribe tus apellidos aqu\u00ed\"\r\n                        required>\r\n                <\/div>\r\n\r\n                <div class=\"pc-inquiry-field\">\r\n                    <label for=\"pc_inquiry_d_correo\">Correo electr\u00f3nico *<\/label>\r\n                    <input id=\"pc_inquiry_d_correo\" name=\"correo\" type=\"email\" placeholder=\"Ej.:nombre@correo.com\" required>\r\n                <\/div>\r\n\r\n                <div class=\"pc-inquiry-field\">\r\n                    <label for=\"pc_inquiry_d_telefono\">Tel\u00e9fono *<\/label>\r\n                    <input id=\"pc_inquiry_d_telefono\" name=\"telefono\" type=\"text\"\r\n                        placeholder=\"Escribe tu tel\u00e9fono o celular\" required>\r\n                <\/div>\r\n\r\n                <div class=\"pc-inquiry-field pc-inquiry-select-wrap\">\r\n                    <label for=\"pc_inquiry_d_distrito\">Distrito deseado *<\/label>\r\n                    <select id=\"pc_inquiry_d_distrito\" name=\"distrito\" required>\r\n                        <option value=\"\">Elije el distrito<\/option>\r\n                                                                                    <option value=\"jesus-maria\">JES\u00daS MAR\u00cdA                                <\/option>\r\n                                                                        <\/select>\r\n                <\/div>\r\n\r\n                <div class=\"pc-inquiry-field pc-inquiry-select-wrap\">\r\n                    <label for=\"pc_inquiry_d_proyecto\">Proyecto de inter\u00e9s *<\/label>\r\n                    <select id=\"pc_inquiry_d_proyecto\" name=\"proyecto\" required>\r\n                        <option value=\"\">Elije el proyecto<\/option>\r\n                                                                                <option value=\"456\"\r\n                                data-distritos=\"jesus-maria\">\r\n                                Alicanto                            <\/option>\r\n                                                                                <option value=\"195\"\r\n                                data-distritos=\"jesus-maria\">\r\n                                Capadocia                            <\/option>\r\n                                                                                <option value=\"641\"\r\n                                data-distritos=\"jesus-maria\">\r\n                                Castellana Select                            <\/option>\r\n                                                                                <option value=\"642\"\r\n                                data-distritos=\"jesus-maria\">\r\n                                Castilla Excellence                            <\/option>\r\n                                                                                <option value=\"615\"\r\n                                data-distritos=\"jesus-maria\">\r\n                                Cuba Connect                            <\/option>\r\n                                                                                <option value=\"460\"\r\n                                data-distritos=\"jesus-maria\">\r\n                                F\u00e9nix                            <\/option>\r\n                                                                                <option value=\"623\"\r\n                                data-distritos=\"jesus-maria\">\r\n                                Jardines de Urteaga                            <\/option>\r\n                                                                                <option value=\"366\"\r\n                                data-distritos=\"jesus-maria\">\r\n                                Matera                            <\/option>\r\n                                                                                <option value=\"428\"\r\n                                data-distritos=\"jesus-maria\">\r\n                                Modena                            <\/option>\r\n                                                                                <option value=\"51\"\r\n                                data-distritos=\"jesus-maria\">\r\n                                N\u00e1poles                            <\/option>\r\n                                                                                <option value=\"643\"\r\n                                data-distritos=\"jesus-maria\">\r\n                                Residencial Garzon                            <\/option>\r\n                                                                                <option value=\"626\"\r\n                                data-distritos=\"jesus-maria\">\r\n                                Saenz                            <\/option>\r\n                                                                                <option value=\"609\"\r\n                                data-distritos=\"jesus-maria\">\r\n                                Santa Cruz Infinite                            <\/option>\r\n                                                                                <option value=\"458\"\r\n                                data-distritos=\"jesus-maria\">\r\n                                Sialia                            <\/option>\r\n                                                                                <option value=\"459\"\r\n                                data-distritos=\"jesus-maria\">\r\n                                Tiz\u00f3n y Bueno                            <\/option>\r\n                                                                                <option value=\"606\"\r\n                                data-distritos=\"jesus-maria\">\r\n                                Torre Mariategui                            <\/option>\r\n                                                                                <option value=\"457\"\r\n                                data-distritos=\"jesus-maria\">\r\n                                Urbanzen                            <\/option>\r\n                                                                                <option value=\"620\"\r\n                                data-distritos=\"jesus-maria\">\r\n                                Valdizan                            <\/option>\r\n                                            <\/select>\r\n                <\/div>\r\n            <\/div>\r\n            <div class=\"pc-inquiry-field pc-inquiry-message\">\r\n                <label for=\"pc_inquiry_d_mensaje\">Mensaje<\/label>\r\n                <textarea id=\"pc_inquiry_d_mensaje\" name=\"mensaje\" placeholder=\"Escr\u00edbenos aqu\u00ed ...\"><\/textarea>\r\n            <\/div>\r\n            <p class=\"pc-inquiry-required\">(*) Campos obligatorios<\/p>\r\n            <div class=\"pc-inquiry-checks\">\r\n                <label class=\"pc-inquiry-check\">\r\n                    <input type=\"checkbox\" name=\"privacidad\" value=\"1\" required>\r\n                    <span>He le\u00eddo la <a href=\"#\">Pol\u00edtica de Privacidad<\/a> de Cygnus Grupo Inmobiliario<\/span>\r\n                <\/label>\r\n                <label class=\"pc-inquiry-check\">\r\n                    <input type=\"checkbox\" name=\"marketing\" value=\"1\" required>\r\n                    <span>Autorizo a <strong>Cygnus Grupo Inmobiliario<\/strong> para que realice las actividades de\r\n                        prospecci\u00f3n comercial y\r\n                        marketing descritas en la <a href=\"#\">Pol\u00edtica de Privacidad<\/a><\/span>\r\n                <\/label>\r\n            <\/div>\r\n            <div class=\"pc-inquiry-submit-wrap\">\r\n                <button type=\"submit\" class=\"pc-inquiry-submit\">\r\n                    <span class=\"pc-inquiry-submit__label\">Enviar<\/span>\r\n                    <span class=\"pc-inquiry-submit__spinner\" aria-hidden=\"true\"><\/span>\r\n                <\/button>\r\n            <\/div>\r\n        <\/form>\r\n    <\/div><\/div><div class=\"x-col x-hide-lg x-hide-md x-hide-xl e684-e17 mj0-k mj0-q\"><div class=\"x-row e684-e18 mj0-3 mj0-4 mj0-5 mj0-6 mj0-c mj0-d mj0-j\"><div class=\"x-row-inner\"><div class=\"x-col e684-e19 mj0-k mj0-l\"><div class=\"x-text x-text-headline e684-e20 mj0-t mj0-u mj0-w\"><div class=\"x-text-content\"><div class=\"x-text-content-text\"><h1 class=\"x-text-content-text-primary\">D\u00e9janos tus datos y pronto un asesor se contactar\u00e1 contigo.<\/h1>\n<\/div><\/div><\/div><\/div><\/div><\/div><div class=\"pc-inquiry-wrap\">\r\n\r\n        \r\n        <form class=\"pc-inquiry-form pc-inquiry-form-distrito\" method=\"post\" action=\"\" novalidate>\r\n            <input type=\"hidden\" id=\"pc_inquiry_distrito_nonce\" name=\"pc_inquiry_distrito_nonce\" value=\"5a64875d82\" \/><input type=\"hidden\" name=\"_wp_http_referer\" value=\"\/index.php?rest_route=%2Fwp%2Fv2%2Fpages%2F684\" \/>            <input type=\"hidden\" name=\"pc_inquiry_distrito_form_submitted\" value=\"1\">\r\n            <div class=\"pc-inquiry-grid\">\r\n                <div class=\"pc-inquiry-field\">\r\n                    <label for=\"pc_inquiry_d_nombres\">Nombres *<\/label>\r\n                    <input id=\"pc_inquiry_d_nombres\" name=\"nombres\" type=\"text\" placeholder=\"Escribe tus nombres aqu\u00ed\"\r\n                        required>\r\n                <\/div>\r\n\r\n                <div class=\"pc-inquiry-field\">\r\n                    <label for=\"pc_inquiry_d_apellidos\">Apellidos *<\/label>\r\n                    <input id=\"pc_inquiry_d_apellidos\" name=\"apellidos\" type=\"text\" placeholder=\"Escribe tus apellidos aqu\u00ed\"\r\n                        required>\r\n                <\/div>\r\n\r\n                <div class=\"pc-inquiry-field\">\r\n                    <label for=\"pc_inquiry_d_correo\">Correo electr\u00f3nico *<\/label>\r\n                    <input id=\"pc_inquiry_d_correo\" name=\"correo\" type=\"email\" placeholder=\"Ej.:nombre@correo.com\" required>\r\n                <\/div>\r\n\r\n                <div class=\"pc-inquiry-field\">\r\n                    <label for=\"pc_inquiry_d_telefono\">Tel\u00e9fono *<\/label>\r\n                    <input id=\"pc_inquiry_d_telefono\" name=\"telefono\" type=\"text\"\r\n                        placeholder=\"Escribe tu tel\u00e9fono o celular\" required>\r\n                <\/div>\r\n\r\n                <div class=\"pc-inquiry-field pc-inquiry-select-wrap\">\r\n                    <label for=\"pc_inquiry_d_distrito\">Distrito deseado *<\/label>\r\n                    <select id=\"pc_inquiry_d_distrito\" name=\"distrito\" required>\r\n                        <option value=\"\">Elije el distrito<\/option>\r\n                                                                                    <option value=\"jesus-maria\">JES\u00daS MAR\u00cdA                                <\/option>\r\n                                                                        <\/select>\r\n                <\/div>\r\n\r\n                <div class=\"pc-inquiry-field pc-inquiry-select-wrap\">\r\n                    <label for=\"pc_inquiry_d_proyecto\">Proyecto de inter\u00e9s *<\/label>\r\n                    <select id=\"pc_inquiry_d_proyecto\" name=\"proyecto\" required>\r\n                        <option value=\"\">Elije el proyecto<\/option>\r\n                                                                                <option value=\"456\"\r\n                                data-distritos=\"jesus-maria\">\r\n                                Alicanto                            <\/option>\r\n                                                                                <option value=\"195\"\r\n                                data-distritos=\"jesus-maria\">\r\n                                Capadocia                            <\/option>\r\n                                                                                <option value=\"641\"\r\n                                data-distritos=\"jesus-maria\">\r\n                                Castellana Select                            <\/option>\r\n                                                                                <option value=\"642\"\r\n                                data-distritos=\"jesus-maria\">\r\n                                Castilla Excellence                            <\/option>\r\n                                                                                <option value=\"615\"\r\n                                data-distritos=\"jesus-maria\">\r\n                                Cuba Connect                            <\/option>\r\n                                                                                <option value=\"460\"\r\n                                data-distritos=\"jesus-maria\">\r\n                                F\u00e9nix                            <\/option>\r\n                                                                                <option value=\"623\"\r\n                                data-distritos=\"jesus-maria\">\r\n                                Jardines de Urteaga                            <\/option>\r\n                                                                                <option value=\"366\"\r\n                                data-distritos=\"jesus-maria\">\r\n                                Matera                            <\/option>\r\n                                                                                <option value=\"428\"\r\n                                data-distritos=\"jesus-maria\">\r\n                                Modena                            <\/option>\r\n                                                                                <option value=\"51\"\r\n                                data-distritos=\"jesus-maria\">\r\n                                N\u00e1poles                            <\/option>\r\n                                                                                <option value=\"643\"\r\n                                data-distritos=\"jesus-maria\">\r\n                                Residencial Garzon                            <\/option>\r\n                                                                                <option value=\"626\"\r\n                                data-distritos=\"jesus-maria\">\r\n                                Saenz                            <\/option>\r\n                                                                                <option value=\"609\"\r\n                                data-distritos=\"jesus-maria\">\r\n                                Santa Cruz Infinite                            <\/option>\r\n                                                                                <option value=\"458\"\r\n                                data-distritos=\"jesus-maria\">\r\n                                Sialia                            <\/option>\r\n                                                                                <option value=\"459\"\r\n                                data-distritos=\"jesus-maria\">\r\n                                Tiz\u00f3n y Bueno                            <\/option>\r\n                                                                                <option value=\"606\"\r\n                                data-distritos=\"jesus-maria\">\r\n                                Torre Mariategui                            <\/option>\r\n                                                                                <option value=\"457\"\r\n                                data-distritos=\"jesus-maria\">\r\n                                Urbanzen                            <\/option>\r\n                                                                                <option value=\"620\"\r\n                                data-distritos=\"jesus-maria\">\r\n                                Valdizan                            <\/option>\r\n                                            <\/select>\r\n                <\/div>\r\n            <\/div>\r\n            <div class=\"pc-inquiry-field pc-inquiry-message\">\r\n                <label for=\"pc_inquiry_d_mensaje\">Mensaje<\/label>\r\n                <textarea id=\"pc_inquiry_d_mensaje\" name=\"mensaje\" placeholder=\"Escr\u00edbenos aqu\u00ed ...\"><\/textarea>\r\n            <\/div>\r\n            <p class=\"pc-inquiry-required\">(*) Campos obligatorios<\/p>\r\n            <div class=\"pc-inquiry-checks\">\r\n                <label class=\"pc-inquiry-check\">\r\n                    <input type=\"checkbox\" name=\"privacidad\" value=\"1\" required>\r\n                    <span>He le\u00eddo la <a href=\"#\">Pol\u00edtica de Privacidad<\/a> de Cygnus Grupo Inmobiliario<\/span>\r\n                <\/label>\r\n                <label class=\"pc-inquiry-check\">\r\n                    <input type=\"checkbox\" name=\"marketing\" value=\"1\" required>\r\n                    <span>Autorizo a <strong>Cygnus Grupo Inmobiliario<\/strong> para que realice las actividades de\r\n                        prospecci\u00f3n comercial y\r\n                        marketing descritas en la <a href=\"#\">Pol\u00edtica de Privacidad<\/a><\/span>\r\n                <\/label>\r\n            <\/div>\r\n            <div class=\"pc-inquiry-submit-wrap\">\r\n                <button type=\"submit\" class=\"pc-inquiry-submit\">\r\n                    <span class=\"pc-inquiry-submit__label\">Enviar<\/span>\r\n                    <span class=\"pc-inquiry-submit__spinner\" aria-hidden=\"true\"><\/span>\r\n                <\/button>\r\n            <\/div>\r\n        <\/form>\r\n    <\/div><\/div><\/div><\/div><\/div><\/div>","protected":false},"excerpt":{"rendered":"<p>Cotiza aqu&iacute; Cotiza aqu&iacute; D\u00e9janos tus datos y pronto un asesor se contactar\u00e1 contigo. Nombres * Apellidos * Correo electr\u00f3nico * Tel\u00e9fono * Distrito deseado * Elije el distrito JES\u00daS MAR\u00cdA Proyecto de inter\u00e9s * Elije el proyecto Alicanto Capadocia Castellana Select Castilla Excellence Cuba Connect F\u00e9nix Jardines de Urteaga Matera Modena N\u00e1poles Residencial Garzon Saenz Santa Cruz Infinite Sialia&hellip;<\/p>\n","protected":false},"author":1,"featured_media":0,"parent":0,"menu_order":0,"comment_status":"closed","ping_status":"closed","template":"template-blank-4.php","meta":{"_acf_changed":false,"footnotes":""},"class_list":["post-684","page","type-page","status-publish","hentry","no-post-thumbnail"],"acf":[],"_links":{"self":[{"href":"https:\/\/cygnus.pe\/index.php?rest_route=\/wp\/v2\/pages\/684","targetHints":{"allow":["GET"]}}],"collection":[{"href":"https:\/\/cygnus.pe\/index.php?rest_route=\/wp\/v2\/pages"}],"about":[{"href":"https:\/\/cygnus.pe\/index.php?rest_route=\/wp\/v2\/types\/page"}],"author":[{"embeddable":true,"href":"https:\/\/cygnus.pe\/index.php?rest_route=\/wp\/v2\/users\/1"}],"replies":[{"embeddable":true,"href":"https:\/\/cygnus.pe\/index.php?rest_route=%2Fwp%2Fv2%2Fcomments&post=684"}],"version-history":[{"count":10,"href":"https:\/\/cygnus.pe\/index.php?rest_route=\/wp\/v2\/pages\/684\/revisions"}],"predecessor-version":[{"id":744,"href":"https:\/\/cygnus.pe\/index.php?rest_route=\/wp\/v2\/pages\/684\/revisions\/744"}],"wp:attachment":[{"href":"https:\/\/cygnus.pe\/index.php?rest_route=%2Fwp%2Fv2%2Fmedia&parent=684"}],"curies":[{"name":"wp","href":"https:\/\/api.w.org\/{rel}","templated":true}]}}