
{"id":656,"date":"2026-03-03T05:14:38","date_gmt":"2026-03-03T05:14:38","guid":{"rendered":"https:\/\/dev.cygnus.pe\/?page_id=656"},"modified":"2026-03-03T21:44:00","modified_gmt":"2026-03-03T21:44:00","slug":"atencion-al-cliente","status":"publish","type":"page","link":"https:\/\/cygnus.pe\/?page_id=656","title":{"rendered":"Atenci\u00f3n al cliente"},"content":{"rendered":"<div id=\"cs-content\" class=\"cs-content\"><div class=\"x-section e656-e1 mi8-0 mi8-1\"><div class=\"x-row e656-e2 mi8-3 mi8-4 mi8-5 mi8-6 mi8-7 mi8-d mi8-e\"><div class=\"x-row-inner\"><div class=\"x-col e656-e3 mi8-k mi8-l mi8-m\"><div class=\"x-bg\"><div class=\"x-bg-layer-lower-img\"><img decoding=\"async\" src=\"https:\/\/cygnus.pe\/wp-content\/uploads\/2026\/03\/atencioncliente-1.jpg\" alt=\"Image\" loading=\"lazy\"\/><\/div><\/div><div class=\"x-row x-hide-sm x-hide-xs e656-e4 mi8-3 mi8-5 mi8-8 mi8-9 mi8-a mi8-d mi8-f\"><div class=\"x-row-inner\"><div class=\"x-col e656-e5 mi8-k mi8-l mi8-n mi8-o mi8-p mi8-q mi8-r\"><div class=\"x-text x-text-headline e656-e6 mi8-12 mi8-13 mi8-14\"><div class=\"x-text-content\"><div class=\"x-text-content-text\"><h1 class=\"x-text-content-text-primary\">Estamos a tu servicio<\/h1>\n<\/div><\/div><\/div><\/div><div class=\"x-col e656-e7 mi8-k mi8-n mi8-o mi8-p mi8-s mi8-t mi8-u\"><i class=\"x-icon e656-e8 mi8-19 mi8-1a\" aria-hidden=\"true\" data-x-icon-s=\"&#xf095;\"><\/i><div class=\"x-text x-content e656-e9 mi8-1c mi8-1d mi8-1e mi8-1f\">934 006 318<\/div><\/div><div class=\"x-col e656-e10 mi8-k mi8-l\"><div class=\"x-text x-content e656-e11 mi8-1c mi8-1g mi8-1h\"><a href=\"mailto:servicioalcliente@cygnus.pe\">servicioalcliente@cygnus.pe<\/a><\/div><\/div><div class=\"x-col e656-e12 mi8-k mi8-l\"><div class=\"x-text x-content e656-e13 mi8-1c mi8-1e mi8-1g mi8-1i\"><p>Jr. Cantuarias N&deg; 152 - 160 Of. 503 - 504 Miraflores<\/p><\/div><\/div><div class=\"x-col e656-e14 mi8-k mi8-l\"><div class=\"x-text x-content e656-e15 mi8-1c mi8-1g mi8-1i mi8-1j\">Lunes a Viernes de 9:00 am - 6:00 pm<\/div><\/div><\/div><\/div><div class=\"x-row x-hide-lg x-hide-md x-hide-sm x-hide-xl e656-e16 mi8-3 mi8-9 mi8-a mi8-b mi8-d mi8-g\"><div class=\"x-row-inner\"><div class=\"x-col e656-e17 mi8-k mi8-n mi8-o mi8-q mi8-u mi8-v mi8-w\"><div class=\"x-text x-text-headline e656-e18 mi8-12 mi8-13 mi8-15\"><div class=\"x-text-content\"><div class=\"x-text-content-text\"><h1 class=\"x-text-content-text-primary\">Estamos a tu servicio<\/h1>\n<\/div><\/div><\/div><\/div><div class=\"x-col e656-e19 mi8-k mi8-n mi8-o mi8-s mi8-t mi8-u mi8-v\"><i class=\"x-icon e656-e20 mi8-19 mi8-1b\" aria-hidden=\"true\" data-x-icon-s=\"&#xf095;\"><\/i><div class=\"x-text x-content e656-e21 mi8-1c mi8-1e mi8-1f mi8-1g mi8-1k\">934 006 318<\/div><\/div><div class=\"x-col e656-e22 mi8-k mi8-l mi8-n mi8-o mi8-v mi8-x mi8-y\"><div class=\"x-text x-content e656-e23 mi8-1c mi8-1h mi8-1l\"><a href=\"mailto:servicioalcliente@cygnus.pe\">servicioalcliente@cygnus.pe<\/a><\/div><\/div><div class=\"x-col e656-e24 mi8-k mi8-l mi8-n mi8-p mi8-s mi8-y mi8-z\"><div class=\"x-text x-content e656-e25 mi8-1c mi8-1e mi8-1i mi8-1l\"><p>Jr. Cantuarias N&deg; 152 - 160 Of. 503 - 504 Miraflores<\/p><\/div><\/div><div class=\"x-col e656-e26 mi8-k mi8-l mi8-y\"><div class=\"x-text x-content e656-e27 mi8-1c mi8-1i mi8-1j mi8-1l\">Lunes a Viernes de 9:00 am - 6:00 pm<\/div><\/div><\/div><\/div><\/div><\/div><\/div><\/div><div class=\"x-section e656-e28 mi8-1 mi8-2\"><div class=\"x-row e656-e29 mi8-3 mi8-4 mi8-5 mi8-a mi8-d mi8-h\"><div class=\"x-row-inner\"><div class=\"x-col x-hide-sm x-hide-xs e656-e30 mi8-k mi8-10 mi8-11\"><div class=\"x-row e656-e31 mi8-3 mi8-4 mi8-5 mi8-6 mi8-c mi8-d mi8-i\"><div class=\"x-row-inner\"><div class=\"x-col e656-e32 mi8-k mi8-l\"><div class=\"x-text x-text-headline e656-e33 mi8-13 mi8-16 mi8-17\"><div class=\"x-text-content\"><div class=\"x-text-content-text\"><h1 class=\"x-text-content-text-primary\">Atenci\u00f3n al cliente<\/h1>\n<\/div><\/div><\/div><\/div><\/div><\/div><div class=\"pc-inquiry-wrap\">\r\n\r\n        \r\n        <form class=\"pc-inquiry-form\" method=\"post\" action=\"\" enctype=\"multipart\/form-data\" novalidate>\r\n            <input type=\"hidden\" id=\"pc_inquiry_nonce\" name=\"pc_inquiry_nonce\" value=\"cb678f66d7\" \/><input type=\"hidden\" name=\"_wp_http_referer\" value=\"\/index.php?rest_route=%2Fwp%2Fv2%2Fpages%2F656\" \/>            <input type=\"hidden\" name=\"pc_inquiry_form_submitted\" value=\"1\">\r\n\r\n            <div class=\"pc-inquiry-grid\">\r\n                <div class=\"pc-inquiry-field\">\r\n                    <label for=\"pc_inquiry_nombres\">Nombres*<\/label>\r\n                    <input id=\"pc_inquiry_nombres\" name=\"nombres\" type=\"text\" placeholder=\"Escribe tus nombres aqu\u00ed\"\r\n                        required>\r\n                <\/div>\r\n\r\n                <div class=\"pc-inquiry-field\">\r\n                    <label for=\"pc_inquiry_apellidos\">Apellidos*<\/label>\r\n                    <input id=\"pc_inquiry_apellidos\" name=\"apellidos\" type=\"text\" placeholder=\"Escribe tus apellidos aqu\u00ed\"\r\n                        required>\r\n                <\/div>\r\n\r\n                <div class=\"pc-inquiry-field\">\r\n                    <label for=\"pc_inquiry_correo\">Correo electr\u00f3nico*<\/label>\r\n                    <input id=\"pc_inquiry_correo\" name=\"correo\" type=\"email\" placeholder=\"Ej.: nombre@correo.com\" required>\r\n                <\/div>\r\n\r\n                <div class=\"pc-inquiry-field\">\r\n                    <label for=\"pc_inquiry_telefono\">Tel\u00e9fono*<\/label>\r\n                    <input id=\"pc_inquiry_telefono\" name=\"telefono\" type=\"text\" placeholder=\"Escribe tu tel\u00e9fono\" required>\r\n                <\/div>\r\n\r\n                <div class=\"pc-inquiry-field pc-inquiry-select-wrap\">\r\n                    <label for=\"pc_inquiry_proyecto\">Proyecto*<\/label>\r\n                    <select id=\"pc_inquiry_proyecto\" name=\"proyecto\" required>\r\n                        <option value=\"\">Selecciona proyecto<\/option>\r\n                                                    <option value=\"456\">\r\n                                Alicanto                            <\/option>\r\n                                                    <option value=\"195\">\r\n                                Capadocia                            <\/option>\r\n                                                    <option value=\"641\">\r\n                                Castellana Select                            <\/option>\r\n                                                    <option value=\"642\">\r\n                                Castilla Excellence                            <\/option>\r\n                                                    <option value=\"615\">\r\n                                Cuba Connect                            <\/option>\r\n                                                    <option value=\"460\">\r\n                                F\u00e9nix                            <\/option>\r\n                                                    <option value=\"623\">\r\n                                Jardines de Urteaga                            <\/option>\r\n                                                    <option value=\"366\">\r\n                                Matera                            <\/option>\r\n                                                    <option value=\"428\">\r\n                                Modena                            <\/option>\r\n                                                    <option value=\"51\">\r\n                                N\u00e1poles                            <\/option>\r\n                                                    <option value=\"643\">\r\n                                Residencial Garzon                            <\/option>\r\n                                                    <option value=\"626\">\r\n                                Saenz                            <\/option>\r\n                                                    <option value=\"609\">\r\n                                Santa Cruz Infinite                            <\/option>\r\n                                                    <option value=\"458\">\r\n                                Sialia                            <\/option>\r\n                                                    <option value=\"459\">\r\n                                Tiz\u00f3n y Bueno                            <\/option>\r\n                                                    <option value=\"606\">\r\n                                Torre Mariategui                            <\/option>\r\n                                                    <option value=\"457\">\r\n                                Urbanzen                            <\/option>\r\n                                                    <option value=\"620\">\r\n                                Valdizan                            <\/option>\r\n                                            <\/select>\r\n                <\/div>\r\n\r\n                <div class=\"pc-inquiry-field\">\r\n                    <label for=\"pc_inquiry_departamento\">N\u00b0 de departamento*<\/label>\r\n                    <input id=\"pc_inquiry_departamento\" name=\"departamento\" type=\"text\" placeholder=\"Indica el n\u00famero\"\r\n                        required>\r\n                <\/div>\r\n            <\/div>\r\n\r\n            <div class=\"pc-inquiry-upload\">\r\n                <input id=\"pc_inquiry_image\" name=\"adjunto\" type=\"file\" accept=\".jpg,.jpeg,.png,.gif,.webp,image\/*\">\r\n                <label for=\"pc_inquiry_image\" class=\"pc-inquiry-upload-label\">\r\n                    <span class=\"pc-inquiry-upload-icon\" aria-hidden=\"true\"><\/span>\r\n                    <span class=\"pc-inquiry-upload-text\">Adjuntar imagen<\/span>\r\n                <\/label>\r\n            <\/div>\r\n\r\n            <div class=\"pc-inquiry-field pc-inquiry-message\">\r\n                <label for=\"pc_inquiry_mensaje\">Mensaje*<\/label>\r\n                <textarea id=\"pc_inquiry_mensaje\" name=\"mensaje\" placeholder=\"Escr\u00edbenos aqu\u00ed...\" required><\/textarea>\r\n            <\/div>\r\n\r\n            <p class=\"pc-inquiry-required\">(*) Campos obligatorios<\/p>\r\n            <div class=\"pc-inquiry-checks\">\r\n                <label class=\"pc-inquiry-check\">\r\n                    <input type=\"checkbox\" name=\"privacidad\" value=\"1\" required>\r\n                    <span>He le\u00eddo la <a href=\"#\">Pol\u00edtica de Privacidad<\/a> de Cygnus Grupo Inmobiliario<\/span>\r\n                <\/label>\r\n                <label class=\"pc-inquiry-check\">\r\n                    <input type=\"checkbox\" name=\"marketing\" value=\"1\" required>\r\n                    <span>Autorizo a Cygnus para que realice las actividades de prospecci\u00f3n comercial y marketing descritas\r\n                        en la <a href=\"#\">Pol\u00edtica de Privacidad<\/a><\/span>\r\n                <\/label>\r\n            <\/div>\r\n            <div class=\"pc-inquiry-submit-wrap\">\r\n                <button type=\"submit\" class=\"pc-inquiry-submit\">\r\n                    <span class=\"pc-inquiry-submit__label\">Enviar<\/span>\r\n                    <span class=\"pc-inquiry-submit__spinner\" aria-hidden=\"true\"><\/span>\r\n                <\/button>\r\n            <\/div>\r\n        <\/form>\r\n    <\/div><\/div><div class=\"x-col x-hide-lg x-hide-md x-hide-xl e656-e35 mi8-k mi8-10\"><div class=\"x-row e656-e36 mi8-3 mi8-4 mi8-5 mi8-6 mi8-c mi8-d mi8-j\"><div class=\"x-row-inner\"><div class=\"x-col e656-e37 mi8-k mi8-l\"><div class=\"x-text x-text-headline e656-e38 mi8-13 mi8-16 mi8-18\"><div class=\"x-text-content\"><div class=\"x-text-content-text\"><h1 class=\"x-text-content-text-primary\">Atenci\u00f3n al cliente<\/h1>\n<\/div><\/div><\/div><\/div><\/div><\/div><div class=\"pc-inquiry-wrap\">\r\n\r\n        \r\n        <form class=\"pc-inquiry-form\" method=\"post\" action=\"\" enctype=\"multipart\/form-data\" novalidate>\r\n            <input type=\"hidden\" id=\"pc_inquiry_nonce\" name=\"pc_inquiry_nonce\" value=\"cb678f66d7\" \/><input type=\"hidden\" name=\"_wp_http_referer\" value=\"\/index.php?rest_route=%2Fwp%2Fv2%2Fpages%2F656\" \/>            <input type=\"hidden\" name=\"pc_inquiry_form_submitted\" value=\"1\">\r\n\r\n            <div class=\"pc-inquiry-grid\">\r\n                <div class=\"pc-inquiry-field\">\r\n                    <label for=\"pc_inquiry_nombres\">Nombres*<\/label>\r\n                    <input id=\"pc_inquiry_nombres\" name=\"nombres\" type=\"text\" placeholder=\"Escribe tus nombres aqu\u00ed\"\r\n                        required>\r\n                <\/div>\r\n\r\n                <div class=\"pc-inquiry-field\">\r\n                    <label for=\"pc_inquiry_apellidos\">Apellidos*<\/label>\r\n                    <input id=\"pc_inquiry_apellidos\" name=\"apellidos\" type=\"text\" placeholder=\"Escribe tus apellidos aqu\u00ed\"\r\n                        required>\r\n                <\/div>\r\n\r\n                <div class=\"pc-inquiry-field\">\r\n                    <label for=\"pc_inquiry_correo\">Correo electr\u00f3nico*<\/label>\r\n                    <input id=\"pc_inquiry_correo\" name=\"correo\" type=\"email\" placeholder=\"Ej.: nombre@correo.com\" required>\r\n                <\/div>\r\n\r\n                <div class=\"pc-inquiry-field\">\r\n                    <label for=\"pc_inquiry_telefono\">Tel\u00e9fono*<\/label>\r\n                    <input id=\"pc_inquiry_telefono\" name=\"telefono\" type=\"text\" placeholder=\"Escribe tu tel\u00e9fono\" required>\r\n                <\/div>\r\n\r\n                <div class=\"pc-inquiry-field pc-inquiry-select-wrap\">\r\n                    <label for=\"pc_inquiry_proyecto\">Proyecto*<\/label>\r\n                    <select id=\"pc_inquiry_proyecto\" name=\"proyecto\" required>\r\n                        <option value=\"\">Selecciona proyecto<\/option>\r\n                                                    <option value=\"456\">\r\n                                Alicanto                            <\/option>\r\n                                                    <option value=\"195\">\r\n                                Capadocia                            <\/option>\r\n                                                    <option value=\"641\">\r\n                                Castellana Select                            <\/option>\r\n                                                    <option value=\"642\">\r\n                                Castilla Excellence                            <\/option>\r\n                                                    <option value=\"615\">\r\n                                Cuba Connect                            <\/option>\r\n                                                    <option value=\"460\">\r\n                                F\u00e9nix                            <\/option>\r\n                                                    <option value=\"623\">\r\n                                Jardines de Urteaga                            <\/option>\r\n                                                    <option value=\"366\">\r\n                                Matera                            <\/option>\r\n                                                    <option value=\"428\">\r\n                                Modena                            <\/option>\r\n                                                    <option value=\"51\">\r\n                                N\u00e1poles                            <\/option>\r\n                                                    <option value=\"643\">\r\n                                Residencial Garzon                            <\/option>\r\n                                                    <option value=\"626\">\r\n                                Saenz                            <\/option>\r\n                                                    <option value=\"609\">\r\n                                Santa Cruz Infinite                            <\/option>\r\n                                                    <option value=\"458\">\r\n                                Sialia                            <\/option>\r\n                                                    <option value=\"459\">\r\n                                Tiz\u00f3n y Bueno                            <\/option>\r\n                                                    <option value=\"606\">\r\n                                Torre Mariategui                            <\/option>\r\n                                                    <option value=\"457\">\r\n                                Urbanzen                            <\/option>\r\n                                                    <option value=\"620\">\r\n                                Valdizan                            <\/option>\r\n                                            <\/select>\r\n                <\/div>\r\n\r\n                <div class=\"pc-inquiry-field\">\r\n                    <label for=\"pc_inquiry_departamento\">N\u00b0 de departamento*<\/label>\r\n                    <input id=\"pc_inquiry_departamento\" name=\"departamento\" type=\"text\" placeholder=\"Indica el n\u00famero\"\r\n                        required>\r\n                <\/div>\r\n            <\/div>\r\n\r\n            <div class=\"pc-inquiry-upload\">\r\n                <input id=\"pc_inquiry_image\" name=\"adjunto\" type=\"file\" accept=\".jpg,.jpeg,.png,.gif,.webp,image\/*\">\r\n                <label for=\"pc_inquiry_image\" class=\"pc-inquiry-upload-label\">\r\n                    <span class=\"pc-inquiry-upload-icon\" aria-hidden=\"true\"><\/span>\r\n                    <span class=\"pc-inquiry-upload-text\">Adjuntar imagen<\/span>\r\n                <\/label>\r\n            <\/div>\r\n\r\n            <div class=\"pc-inquiry-field pc-inquiry-message\">\r\n                <label for=\"pc_inquiry_mensaje\">Mensaje*<\/label>\r\n                <textarea id=\"pc_inquiry_mensaje\" name=\"mensaje\" placeholder=\"Escr\u00edbenos aqu\u00ed...\" required><\/textarea>\r\n            <\/div>\r\n\r\n            <p class=\"pc-inquiry-required\">(*) Campos obligatorios<\/p>\r\n            <div class=\"pc-inquiry-checks\">\r\n                <label class=\"pc-inquiry-check\">\r\n                    <input type=\"checkbox\" name=\"privacidad\" value=\"1\" required>\r\n                    <span>He le\u00eddo la <a href=\"#\">Pol\u00edtica de Privacidad<\/a> de Cygnus Grupo Inmobiliario<\/span>\r\n                <\/label>\r\n                <label class=\"pc-inquiry-check\">\r\n                    <input type=\"checkbox\" name=\"marketing\" value=\"1\" required>\r\n                    <span>Autorizo a Cygnus para que realice las actividades de prospecci\u00f3n comercial y marketing descritas\r\n                        en la <a href=\"#\">Pol\u00edtica de Privacidad<\/a><\/span>\r\n                <\/label>\r\n            <\/div>\r\n            <div class=\"pc-inquiry-submit-wrap\">\r\n                <button type=\"submit\" class=\"pc-inquiry-submit\">\r\n                    <span class=\"pc-inquiry-submit__label\">Enviar<\/span>\r\n                    <span class=\"pc-inquiry-submit__spinner\" aria-hidden=\"true\"><\/span>\r\n                <\/button>\r\n            <\/div>\r\n        <\/form>\r\n    <\/div><\/div><\/div><\/div><\/div><\/div>","protected":false},"excerpt":{"rendered":"<p>Estamos a tu servicio 934 006 318servicioalcliente@cygnus.peJr. Cantuarias N&deg; 152 &#8211; 160 Of. 503 &#8211; 504 MirafloresLunes a Viernes de 9:00 am &#8211; 6:00 pmEstamos a tu servicio 934 006 318servicioalcliente@cygnus.peJr. Cantuarias N&deg; 152 &#8211; 160 Of. 503 &#8211; 504 MirafloresLunes a Viernes de 9:00 am &#8211; 6:00 pmAtenci\u00f3n al cliente Nombres* Apellidos* Correo electr\u00f3nico* Tel\u00e9fono* Proyecto* Selecciona proyecto Alicanto&hellip;<\/p>\n","protected":false},"author":1,"featured_media":0,"parent":0,"menu_order":0,"comment_status":"closed","ping_status":"closed","template":"template-blank-4.php","meta":{"_acf_changed":false,"footnotes":""},"class_list":["post-656","page","type-page","status-publish","hentry","no-post-thumbnail"],"acf":[],"_links":{"self":[{"href":"https:\/\/cygnus.pe\/index.php?rest_route=\/wp\/v2\/pages\/656","targetHints":{"allow":["GET"]}}],"collection":[{"href":"https:\/\/cygnus.pe\/index.php?rest_route=\/wp\/v2\/pages"}],"about":[{"href":"https:\/\/cygnus.pe\/index.php?rest_route=\/wp\/v2\/types\/page"}],"author":[{"embeddable":true,"href":"https:\/\/cygnus.pe\/index.php?rest_route=\/wp\/v2\/users\/1"}],"replies":[{"embeddable":true,"href":"https:\/\/cygnus.pe\/index.php?rest_route=%2Fwp%2Fv2%2Fcomments&post=656"}],"version-history":[{"count":26,"href":"https:\/\/cygnus.pe\/index.php?rest_route=\/wp\/v2\/pages\/656\/revisions"}],"predecessor-version":[{"id":746,"href":"https:\/\/cygnus.pe\/index.php?rest_route=\/wp\/v2\/pages\/656\/revisions\/746"}],"wp:attachment":[{"href":"https:\/\/cygnus.pe\/index.php?rest_route=%2Fwp%2Fv2%2Fmedia&parent=656"}],"curies":[{"name":"wp","href":"https:\/\/api.w.org\/{rel}","templated":true}]}}