
{"id":308,"date":"2026-02-05T22:58:40","date_gmt":"2026-02-05T22:58:40","guid":{"rendered":"https:\/\/dev.cygnus.pe\/?page_id=308"},"modified":"2026-03-02T19:48:56","modified_gmt":"2026-03-02T19:48:56","slug":"proyectos-en-venta","status":"publish","type":"page","link":"https:\/\/cygnus.pe\/?page_id=308","title":{"rendered":"Proyectos en venta"},"content":{"rendered":"<div id=\"cs-content\" class=\"cs-content\"><div class=\"x-section e308-e1 m8k-0 m8k-1\"><div class=\"x-row e308-e2 m8k-3 m8k-4\"><div class=\"x-row-inner\"><div class=\"x-col e308-e3 m8k-5\"><div class=\"x-text x-text-headline e308-e4 m8k-6 m8k-7\"><div class=\"x-text-content\"><div class=\"x-text-content-text\">\n<div class=\"x-text-content-text-primary\"><p>PROYECTOS<\/p><\/div><\/div><\/div><\/div><div class=\"x-text x-text-headline e308-e5 m8k-7 m8k-8\"><div class=\"x-text-content\"><div class=\"x-text-content-text\">\n<div class=\"x-text-content-text-primary\"><p>en venta<\/p><\/div><\/div><\/div><\/div><\/div><\/div><\/div><\/div><div class=\"x-section e308-e6 m8k-0 m8k-2\"><div class=\"x-div e308-e7 m8k-9\"><div class=\"pc-catalog\">\r\n\r\n        <div class=\"pc-filter-wrap\">\r\n\r\n            <div class=\"pc-filter-pill\">\r\n                <div class=\"pc-filter-item pc-dropdown pc-filter-item-distrito\" data-filter=\"proyecto\">\r\n                    <span class=\"pc-filter-icon bed\"><\/span>\r\n                    <div class=\"pc-dropdown-label\">\r\n                        <span class=\"pc-dropdown-text pc-dropdown-text-distrito\">Proyecto<\/span>\r\n                        <span class=\"pc-filter-arrow\"><\/span>\r\n                    <\/div>\r\n\r\n                    <input type=\"hidden\" id=\"filter_proyecto\" value=\"\">\r\n\r\n                    <ul class=\"pc-dropdown-menu pc-dropdown-menu-distrito\">\r\n                        <li data-value=\"\">Todas<\/li>\r\n                                                    <li data-value=\"456\">\r\n                                Alicanto                            <\/li>\r\n                                                    <li data-value=\"195\">\r\n                                Capadocia                            <\/li>\r\n                                                    <li data-value=\"460\">\r\n                                F\u00e9nix                            <\/li>\r\n                                                    <li data-value=\"366\">\r\n                                Matera                            <\/li>\r\n                                                    <li data-value=\"428\">\r\n                                Modena                            <\/li>\r\n                                                    <li data-value=\"51\">\r\n                                N\u00e1poles                            <\/li>\r\n                                                    <li data-value=\"458\">\r\n                                Sialia                            <\/li>\r\n                                                    <li data-value=\"459\">\r\n                                Tiz\u00f3n y Bueno                            <\/li>\r\n                                                    <li data-value=\"457\">\r\n                                Urbanzen                            <\/li>\r\n                                            <\/ul>\r\n                <\/div>\r\n\r\n                <div class=\"pc-filter-divider\"><\/div>\r\n                <div class=\"pc-filter-item pc-dropdown\" data-filter=\"estado\">\r\n                    <span class=\"pc-filter-icon size\"><\/span>\r\n\r\n                    <div class=\"pc-dropdown-label\">\r\n                        <span class=\"pc-dropdown-text\">Estado<\/span>\r\n                        <span class=\"pc-filter-arrow\"><\/span>\r\n                    <\/div>\r\n\r\n                    <input type=\"hidden\" id=\"filter_estado\" value=\"\">\r\n\r\n                    <ul class=\"pc-dropdown-menu\">\r\n                        <li data-value=\"\">Todos<\/li>\r\n                                                    <li data-value=\"En Construcci\u00f3n\">\r\n                                En Construcci\u00f3n                            <\/li>\r\n                                                    <li data-value=\"Entrega Inmediata\">\r\n                                Entrega Inmediata                            <\/li>\r\n                                                    <li data-value=\"Pre Venta\">\r\n                                Pre Venta                            <\/li>\r\n                                            <\/ul>\r\n                <\/div>\r\n\r\n                <div class=\"pc-filter-divider\"><\/div>\r\n                <div class=\"pc-filter-item pc-dropdown\" data-filter=\"distrito\">\r\n                    <span class=\"pc-filter-icon pin\"><\/span>\r\n\r\n                    <div class=\"pc-dropdown-label\">\r\n                        <span class=\"pc-dropdown-text\">Distrito<\/span>\r\n                        <span class=\"pc-filter-arrow\"><\/span>\r\n                    <\/div>\r\n\r\n                    <input type=\"hidden\" id=\"filter_distrito\" value=\"\">\r\n\r\n                    <ul class=\"pc-dropdown-menu\">\r\n                        <li data-value=\"\">Todos<\/li>\r\n                                                    <li data-value=\"jesus-maria\">\r\n                                JES\u00daS MAR\u00cdA                            <\/li>\r\n                                            <\/ul>\r\n                <\/div>\r\n            <\/div>\r\n            <div>\r\n                <button id=\"filter_submit\" class=\"pc-filter-btn\">\r\n                    Filtrar\r\n                <\/button>\r\n            <\/div>\r\n        <\/div>\r\n\r\n        <div id=\"projects_grid\" class=\"pc-grid\" aria-live=\"polite\">\r\n            \r\n      <div class=\"pc-skeleton-card\">\r\n        <div class=\"pc-skeleton pc-skeleton-img\"><\/div>\r\n        <div class=\"pc-skeleton-body\">\r\n          <div class=\"pc-skeleton pc-skeleton-line pc-title\"><\/div>\r\n          <div class=\"pc-skeleton pc-skeleton-line pc-meta\"><\/div>\r\n          <div class=\"pc-skeleton pc-skeleton-line pc-meta\"><\/div>\r\n          <div class=\"pc-skeleton pc-skeleton-line pc-btn\"><\/div>\r\n        <\/div>\r\n      <\/div>\r\n    \r\n      <div class=\"pc-skeleton-card\">\r\n        <div class=\"pc-skeleton pc-skeleton-img\"><\/div>\r\n        <div class=\"pc-skeleton-body\">\r\n          <div class=\"pc-skeleton pc-skeleton-line pc-title\"><\/div>\r\n          <div class=\"pc-skeleton pc-skeleton-line pc-meta\"><\/div>\r\n          <div class=\"pc-skeleton pc-skeleton-line pc-meta\"><\/div>\r\n          <div class=\"pc-skeleton pc-skeleton-line pc-btn\"><\/div>\r\n        <\/div>\r\n      <\/div>\r\n            <\/div>\r\n\r\n        <div class=\"pc-loadmore-wrap\">\r\n            <button id=\"load_more\" class=\"pc-loadmore\" type=\"button\" style=\"display:none;\">\r\n                Cargar m\u00e1s\r\n            <\/button>\r\n            <div class=\"pc-loadmore-spinner\" aria-hidden=\"true\"><\/div>\r\n        <\/div>\r\n\r\n    <\/div><\/div><\/div><\/div>","protected":false},"excerpt":{"rendered":"<p>PROYECTOS en venta Proyecto Todas Alicanto Capadocia F\u00e9nix Matera Modena N\u00e1poles Sialia Tiz\u00f3n y Bueno Urbanzen Estado Todos En Construcci\u00f3n Entrega Inmediata Pre Venta Distrito Todos JES\u00daS MAR\u00cdA Filtrar Cargar m\u00e1s<\/p>\n","protected":false},"author":1,"featured_media":0,"parent":0,"menu_order":0,"comment_status":"closed","ping_status":"closed","template":"","meta":{"_acf_changed":false,"footnotes":""},"class_list":["post-308","page","type-page","status-publish","hentry","no-post-thumbnail"],"acf":[],"_links":{"self":[{"href":"https:\/\/cygnus.pe\/index.php?rest_route=\/wp\/v2\/pages\/308","targetHints":{"allow":["GET"]}}],"collection":[{"href":"https:\/\/cygnus.pe\/index.php?rest_route=\/wp\/v2\/pages"}],"about":[{"href":"https:\/\/cygnus.pe\/index.php?rest_route=\/wp\/v2\/types\/page"}],"author":[{"embeddable":true,"href":"https:\/\/cygnus.pe\/index.php?rest_route=\/wp\/v2\/users\/1"}],"replies":[{"embeddable":true,"href":"https:\/\/cygnus.pe\/index.php?rest_route=%2Fwp%2Fv2%2Fcomments&post=308"}],"version-history":[{"count":4,"href":"https:\/\/cygnus.pe\/index.php?rest_route=\/wp\/v2\/pages\/308\/revisions"}],"predecessor-version":[{"id":653,"href":"https:\/\/cygnus.pe\/index.php?rest_route=\/wp\/v2\/pages\/308\/revisions\/653"}],"wp:attachment":[{"href":"https:\/\/cygnus.pe\/index.php?rest_route=%2Fwp%2Fv2%2Fmedia&parent=308"}],"curies":[{"name":"wp","href":"https:\/\/api.w.org\/{rel}","templated":true}]}}