
{"id":296,"date":"2026-02-05T20:57:42","date_gmt":"2026-02-05T20:57:42","guid":{"rendered":"https:\/\/dev.cygnus.pe\/?page_id=296"},"modified":"2026-02-05T22:48:03","modified_gmt":"2026-02-05T22:48:03","slug":"proyectos-entregados","status":"publish","type":"page","link":"https:\/\/cygnus.pe\/?page_id=296","title":{"rendered":"Proyectos entregados"},"content":{"rendered":"<div id=\"cs-content\" class=\"cs-content\"><div class=\"x-section e296-e1 m88-0\"><div class=\"x-row e296-e2 m88-1 m88-2\"><div class=\"x-row-inner\"><div class=\"x-col e296-e3 m88-3\"><div class=\"x-text x-text-headline e296-e4 m88-4 m88-5\"><div class=\"x-text-content\"><div class=\"x-text-content-text\">\n<div class=\"x-text-content-text-primary\"><p>PROYECTOS<\/p><\/div><\/div><\/div><\/div><div class=\"x-text x-text-headline e296-e5 m88-5 m88-6\"><div class=\"x-text-content\"><div class=\"x-text-content-text\">\n<div class=\"x-text-content-text-primary\"><p>entregados<\/p><\/div><\/div><\/div><\/div>        <div class=\"pc-entregados-grid\">\r\n                                <article class=\"pc-entregado-card\" data-reveal=\"1\">\r\n        <div class=\"pc-entregado-media\" style=\"background-image:url('https:\/\/cygnus.pe\/wp-content\/uploads\/2026\/02\/garzon.jpg')\"><\/div>\r\n        <div class=\"pc-entregado-content\">\r\n                            <div class=\"pc-entregado-logo\">\r\n                    <img decoding=\"async\" src=\"https:\/\/cygnus.pe\/wp-content\/uploads\/2026\/02\/garzon.png\" alt=\"Residencial Garzon\">\r\n                <\/div>\r\n                <div class=\"pc-entregado-separator\"><\/div>\r\n                        <h3 class=\"pc-entregado-title\">JES\u00daS MAR\u00cdA<\/h3>\r\n                            <p class=\"pc-entregado-address\">Av. Gral Garzon 596<\/p>\r\n                    <\/div>\r\n    <\/article>\r\n                                    <article class=\"pc-entregado-card\" data-reveal=\"1\">\r\n        <div class=\"pc-entregado-media\" style=\"background-image:url('https:\/\/cygnus.pe\/wp-content\/uploads\/2026\/02\/castilla.jpg')\"><\/div>\r\n        <div class=\"pc-entregado-content\">\r\n                            <div class=\"pc-entregado-logo\">\r\n                    <img decoding=\"async\" src=\"https:\/\/cygnus.pe\/wp-content\/uploads\/2026\/02\/castilla.png\" alt=\"Castilla Excellence\">\r\n                <\/div>\r\n                <div class=\"pc-entregado-separator\"><\/div>\r\n                        <h3 class=\"pc-entregado-title\">JES\u00daS MAR\u00cdA<\/h3>\r\n                            <p class=\"pc-entregado-address\">Av. Ram\u00f3n Castilla 536<\/p>\r\n                    <\/div>\r\n    <\/article>\r\n                                    <article class=\"pc-entregado-card\" data-reveal=\"1\">\r\n        <div class=\"pc-entregado-media\" style=\"background-image:url('https:\/\/cygnus.pe\/wp-content\/uploads\/2026\/02\/castellana.jpg')\"><\/div>\r\n        <div class=\"pc-entregado-content\">\r\n                            <div class=\"pc-entregado-logo\">\r\n                    <img decoding=\"async\" src=\"https:\/\/cygnus.pe\/wp-content\/uploads\/2026\/02\/castellana.png\" alt=\"Castellana Select\">\r\n                <\/div>\r\n                <div class=\"pc-entregado-separator\"><\/div>\r\n                        <h3 class=\"pc-entregado-title\">JES\u00daS MAR\u00cdA<\/h3>\r\n                            <p class=\"pc-entregado-address\">Av. Paseo La Castellana 821<\/p>\r\n                    <\/div>\r\n    <\/article>\r\n                                    <article class=\"pc-entregado-card\" data-reveal=\"1\">\r\n        <div class=\"pc-entregado-media\" style=\"background-image:url('https:\/\/cygnus.pe\/wp-content\/uploads\/2026\/02\/saenz.jpg')\"><\/div>\r\n        <div class=\"pc-entregado-content\">\r\n                            <div class=\"pc-entregado-logo\">\r\n                    <img decoding=\"async\" src=\"https:\/\/cygnus.pe\/wp-content\/uploads\/2026\/02\/saenz.png\" alt=\"Saenz\">\r\n                <\/div>\r\n                <div class=\"pc-entregado-separator\"><\/div>\r\n                        <h3 class=\"pc-entregado-title\">JES\u00daS MAR\u00cdA<\/h3>\r\n                            <p class=\"pc-entregado-address\">Jr. Luis N. Saenz 350<\/p>\r\n                    <\/div>\r\n    <\/article>\r\n                                    <article class=\"pc-entregado-card\" data-reveal=\"1\">\r\n        <div class=\"pc-entregado-media\" style=\"background-image:url('https:\/\/cygnus.pe\/wp-content\/uploads\/2026\/02\/urteaga.jpg')\"><\/div>\r\n        <div class=\"pc-entregado-content\">\r\n                            <div class=\"pc-entregado-logo\">\r\n                    <img decoding=\"async\" src=\"https:\/\/cygnus.pe\/wp-content\/uploads\/2026\/02\/urteaga.png\" alt=\"Jardines de Urteaga\">\r\n                <\/div>\r\n                <div class=\"pc-entregado-separator\"><\/div>\r\n                        <h3 class=\"pc-entregado-title\">JES\u00daS MAR\u00cdA<\/h3>\r\n                            <p class=\"pc-entregado-address\">Av. Horacio Urteaga 740 - 746<\/p>\r\n                    <\/div>\r\n    <\/article>\r\n                                    <article class=\"pc-entregado-card\" data-reveal=\"1\">\r\n        <div class=\"pc-entregado-media\" style=\"background-image:url('https:\/\/cygnus.pe\/wp-content\/uploads\/2026\/02\/valdizan.jpg')\"><\/div>\r\n        <div class=\"pc-entregado-content\">\r\n                            <div class=\"pc-entregado-logo\">\r\n                    <img decoding=\"async\" src=\"https:\/\/cygnus.pe\/wp-content\/uploads\/2026\/02\/valdizan.png\" alt=\"Valdizan\">\r\n                <\/div>\r\n                <div class=\"pc-entregado-separator\"><\/div>\r\n                        <h3 class=\"pc-entregado-title\">JES\u00daS MAR\u00cdA<\/h3>\r\n                            <p class=\"pc-entregado-address\">Jr. Hermilio Valdizan 595<\/p>\r\n                    <\/div>\r\n    <\/article>\r\n                                    <article class=\"pc-entregado-card\" data-reveal=\"1\">\r\n        <div class=\"pc-entregado-media\" style=\"background-image:url('https:\/\/cygnus.pe\/wp-content\/uploads\/2026\/02\/cuba.jpg')\"><\/div>\r\n        <div class=\"pc-entregado-content\">\r\n                            <div class=\"pc-entregado-logo\">\r\n                    <img decoding=\"async\" src=\"https:\/\/cygnus.pe\/wp-content\/uploads\/2026\/02\/cuba.png\" alt=\"Cuba Connect\">\r\n                <\/div>\r\n                <div class=\"pc-entregado-separator\"><\/div>\r\n                        <h3 class=\"pc-entregado-title\">JES\u00daS MAR\u00cdA<\/h3>\r\n                            <p class=\"pc-entregado-address\">Av. Cuba 486<\/p>\r\n                    <\/div>\r\n    <\/article>\r\n                                    <article class=\"pc-entregado-card\" data-reveal=\"1\">\r\n        <div class=\"pc-entregado-media\" style=\"background-image:url('https:\/\/cygnus.pe\/wp-content\/uploads\/2026\/02\/santacruz.jpg')\"><\/div>\r\n        <div class=\"pc-entregado-content\">\r\n                            <div class=\"pc-entregado-logo\">\r\n                    <img decoding=\"async\" src=\"https:\/\/cygnus.pe\/wp-content\/uploads\/2026\/02\/santacruz.png\" alt=\"Santa Cruz Infinite\">\r\n                <\/div>\r\n                <div class=\"pc-entregado-separator\"><\/div>\r\n                        <h3 class=\"pc-entregado-title\">JES\u00daS MAR\u00cdA<\/h3>\r\n                            <p class=\"pc-entregado-address\">Av. General Santa Cruz 773 - 777<\/p>\r\n                    <\/div>\r\n    <\/article>\r\n                                    <article class=\"pc-entregado-card\" data-reveal=\"1\">\r\n        <div class=\"pc-entregado-media\" style=\"background-image:url('https:\/\/cygnus.pe\/wp-content\/uploads\/2026\/02\/Mariategui.jpg')\"><\/div>\r\n        <div class=\"pc-entregado-content\">\r\n                            <div class=\"pc-entregado-logo\">\r\n                    <img decoding=\"async\" src=\"https:\/\/cygnus.pe\/wp-content\/uploads\/2026\/02\/mariategui.png\" alt=\"Torre Mariategui\">\r\n                <\/div>\r\n                <div class=\"pc-entregado-separator\"><\/div>\r\n                        <h3 class=\"pc-entregado-title\">JES\u00daS MAR\u00cdA<\/h3>\r\n                            <p class=\"pc-entregado-address\">Av. Francisco Javier Mariategui 1408<\/p>\r\n                    <\/div>\r\n    <\/article>\r\n                        <\/div>\r\n    <\/div><\/div><\/div><\/div><\/div>","protected":false},"excerpt":{"rendered":"<p>PROYECTOS entregados JES\u00daS MAR\u00cdA Jr. Luis N. Saenz 445 JES\u00daS MAR\u00cdA Av 28 de Julio 232<\/p>\n","protected":false},"author":1,"featured_media":0,"parent":0,"menu_order":0,"comment_status":"closed","ping_status":"closed","template":"","meta":{"_acf_changed":false,"footnotes":""},"class_list":["post-296","page","type-page","status-publish","hentry","no-post-thumbnail"],"acf":[],"_links":{"self":[{"href":"https:\/\/cygnus.pe\/index.php?rest_route=\/wp\/v2\/pages\/296","targetHints":{"allow":["GET"]}}],"collection":[{"href":"https:\/\/cygnus.pe\/index.php?rest_route=\/wp\/v2\/pages"}],"about":[{"href":"https:\/\/cygnus.pe\/index.php?rest_route=\/wp\/v2\/types\/page"}],"author":[{"embeddable":true,"href":"https:\/\/cygnus.pe\/index.php?rest_route=\/wp\/v2\/users\/1"}],"replies":[{"embeddable":true,"href":"https:\/\/cygnus.pe\/index.php?rest_route=%2Fwp%2Fv2%2Fcomments&post=296"}],"version-history":[{"count":9,"href":"https:\/\/cygnus.pe\/index.php?rest_route=\/wp\/v2\/pages\/296\/revisions"}],"predecessor-version":[{"id":307,"href":"https:\/\/cygnus.pe\/index.php?rest_route=\/wp\/v2\/pages\/296\/revisions\/307"}],"wp:attachment":[{"href":"https:\/\/cygnus.pe\/index.php?rest_route=%2Fwp%2Fv2%2Fmedia&parent=296"}],"curies":[{"name":"wp","href":"https:\/\/api.w.org\/{rel}","templated":true}]}}